{"id":3,"date":"2023-07-31T13:11:46","date_gmt":"2023-07-31T13:11:46","guid":{"rendered":"https:\/\/mentormaquinas.com\/?page_id=3"},"modified":"2025-10-05T20:31:47","modified_gmt":"2025-10-05T20:31:47","slug":"politica-de-privacidade","status":"publish","type":"page","link":"https:\/\/mentormaquinas.com\/es\/politica-de-privacidade\/","title":{"rendered":"Pol\u00edtica de Privacidade"},"content":{"rendered":"<div data-elementor-type=\"wp-page\" data-elementor-id=\"3\" class=\"elementor elementor-3\">\n\t\t\t\t<div class=\"elementor-element elementor-element-ef3e514 e-flex e-con-boxed e-con e-parent\" data-id=\"ef3e514\" data-element_type=\"container\" data-settings=\"{&quot;background_background&quot;:&quot;classic&quot;}\">\n\t\t\t\t\t<div class=\"e-con-inner\">\n\t\t\t\t<div class=\"elementor-element elementor-element-9680f95 elementor-widget__width-initial elementor-widget-tablet__width-inherit elementor-widget elementor-widget-image-box\" data-id=\"9680f95\" data-element_type=\"widget\" data-widget_type=\"image-box.default\">\n\t\t\t\t<div class=\"elementor-widget-container\">\n\t\t\t\t\t<div class=\"elementor-image-box-wrapper\"><div class=\"elementor-image-box-content\"><h2 class=\"elementor-image-box-title\">Pol\u00edtica Privacidade<\/h2><\/div><\/div>\t\t\t\t<\/div>\n\t\t\t\t<\/div>\n\t\t\t\t\t<\/div>\n\t\t\t\t<\/div>\n\t\t<div class=\"elementor-element elementor-element-c33452a e-flex e-con-boxed e-con e-parent\" data-id=\"c33452a\" data-element_type=\"container\" data-settings=\"{&quot;background_background&quot;:&quot;classic&quot;}\">\n\t\t\t\t\t<div class=\"e-con-inner\">\n\t\t<div class=\"elementor-element elementor-element-b28f3cd e-con-full e-flex e-con e-child\" data-id=\"b28f3cd\" data-element_type=\"container\">\n\t\t\t\t<div class=\"elementor-element elementor-element-68365e3 elementor-widget elementor-widget-text-editor\" data-id=\"68365e3\" data-element_type=\"widget\" data-widget_type=\"text-editor.default\">\n\t\t\t\t<div class=\"elementor-widget-container\">\n\t\t\t\t\t\t\t\t\t<p class=\"__className_c596ff\">Esta Pol\u00edtica de Privacidade descreve as pol\u00edticas da Mentor Maquinas, R. Dr. Humberto Pinheiro Vieira, 150 &#8211; Lote 03 &#8211; Zona Industrial Norte, Joinville, Santa Catarina 89219-570, Brasil, email: padilha@mentormaquinas.com.br, telefone: 554734400324 sobre a coleta, uso e divulga\u00e7\u00e3o de suas informa\u00e7\u00f5es que coletamos quando voc\u00ea usa nosso site ( https:\/\/mentormaquinas.com\/ ). (o &#8220;Servi\u00e7o&#8221;). Ao acessar ou usar o Servi\u00e7o, voc\u00ea est\u00e1 consentindo com a coleta, uso e divulga\u00e7\u00e3o de suas informa\u00e7\u00f5es de acordo com esta Pol\u00edtica de Privacidade. Se voc\u00ea n\u00e3o concorda com o mesmo, por favor, n\u00e3o acesse ou use o Servi\u00e7o.<\/p><p class=\"__className_c596ff\">Podemos modificar esta Pol\u00edtica de Privacidade a qualquer momento sem aviso pr\u00e9vio e publicaremos a Pol\u00edtica de Privacidade revisada no Servi\u00e7o. A Pol\u00edtica revisada ser\u00e1 eficaz 30 dias a partir da data em que a Pol\u00edtica revisada for publicada no Servi\u00e7o, e seu acesso ou uso cont\u00ednuo do Servi\u00e7o ap\u00f3s esse per\u00edodo constituir\u00e1 sua aceita\u00e7\u00e3o da Pol\u00edtica de Privacidade revisada. Recomendamos, portanto, que voc\u00ea revise periodicamente esta p\u00e1gina.<\/p><h2 id=\"accordion-header-howUseInfo\" class=\"standard_h2__qp5cY __className_c596ff\">COMO UTILIZAMOS SUAS INFORMA\u00c7\u00d5ES:<\/h2><div id=\"accordion-collapse-howUseInfo\"><p class=\"__className_c596ff\">Utilizaremos as informa\u00e7\u00f5es que coletamos sobre voc\u00ea para os seguintes fins:<\/p><ul><li class=\"__className_c596ff\">Publicidade direcionada<\/li><li class=\"__className_c596ff\">Prote\u00e7\u00e3o do site<\/li><li class=\"__className_c596ff\">Marketing\/Promocional<\/li><li class=\"__className_c596ff\">Suporte<\/li><\/ul><p class=\"__className_c596ff\">\u00a0<\/p><\/div><h2 id=\"accordion-header-howShareInfo\" class=\"standard_h2__qp5cY __className_c596ff\">COMO COMPARTILHAMOS SUAS INFORMA\u00c7\u00d5ES:<\/h2><div id=\"accordion-collapse-howShareInfo\"><p class=\"__className_c596ff\">N\u00e3o transferiremos suas informa\u00e7\u00f5es pessoais para terceiros sem buscar seu consentimento, exceto em circunst\u00e2ncias limitadas conforme descrito abaixo:<\/p><p>\u00a0<\/p><h2 class=\"standard_ul__8rjAZ\">\u00a0<\/h2><p class=\"__className_c596ff\">Exigimos que tais terceiros utilizem as informa\u00e7\u00f5es pessoais que transferimos a eles apenas para o prop\u00f3sito para o qual foi transferido e n\u00e3o as mantenham por mais tempo do que \u00e9 necess\u00e1rio para cumprir o referido prop\u00f3sito.<\/p><h2 class=\"standard_ul__8rjAZ\">\u00a0<\/h2><p class=\"__className_c596ff\">Tamb\u00e9m podemos divulgar suas informa\u00e7\u00f5es pessoais para o seguinte:<\/p><ul><li class=\"__className_c596ff\">cumprir a lei aplic\u00e1vel, regulamenta\u00e7\u00e3o, ordem judicial ou outro processo legal;<\/li><li class=\"__className_c596ff\">fazer cumprir seus acordos conosco, incluindo esta Pol\u00edtica de Privacidade; ou<\/li><li class=\"__className_c596ff\">responder a alega\u00e7\u00f5es de que seu uso do Servi\u00e7o viola os direitos de terceiros.<\/li><\/ul><p class=\"__className_c596ff\">Se o Servi\u00e7o ou nossa empresa for fundido ou adquirido por outra empresa, suas informa\u00e7\u00f5es ser\u00e3o um dos ativos transferidos para o novo propriet\u00e1rio.<\/p><\/div><h2 id=\"accordion-header-yourRights\" class=\"standard_h2__qp5cY __className_c596ff\">SEUS DIREITOS:<\/h2><div id=\"accordion-collapse-yourRights\"><p class=\"__className_c596ff\">Dependendo da lei aplic\u00e1vel, voc\u00ea pode ter o direito de:<\/p><ul><li class=\"__className_c596ff\">acessar e retificar ou apagar seus dados pessoais ou receber uma c\u00f3pia de seus dados pessoais;<\/li><li class=\"__className_c596ff\">restringir ou objetar ao processamento ativo de seus dados;<\/li><li class=\"__className_c596ff\">nos pedir para compartilhar (portar) suas informa\u00e7\u00f5es pessoais para outra entidade;<\/li><li class=\"__className_c596ff\">retirar qualquer consentimento que voc\u00ea nos forneceu para processar seus dados;<\/li><li class=\"__className_c596ff\">apresentar uma reclama\u00e7\u00e3o a uma autoridade estatut\u00e1ria e outros direitos relevantes de acordo com as leis aplic\u00e1veis.<\/li><\/ul><p class=\"__className_c596ff\">Para exercer esses direitos, voc\u00ea pode nos escrever para\u00a0<a class=\"standard_link__xrsNq __className_c596ff\" href=\"mailto:padilha@mentormaquinas.com.br\">padilha@mentormaquinas.com.br<\/a>. Responderemos \u00e0 sua solicita\u00e7\u00e3o de acordo com a lei aplic\u00e1vel.<\/p><p class=\"__className_c596ff\">Voc\u00ea pode optar por n\u00e3o receber comunica\u00e7\u00f5es de marketing direto ou o perfil que realizamos para fins de marketing, escrevendo para n\u00f3s no\u00a0<a class=\"standard_link__xrsNq __className_c596ff\" href=\"mailto:padilha@mentormaquinas.com.br\">padilha@mentormaquinas.com.br<\/a>.<\/p><h2 class=\"standard_ul__8rjAZ\">\u00a0<\/h2><p class=\"__className_c596ff\">Observe que se voc\u00ea n\u00e3o permitir que coletemos ou processemos as informa\u00e7\u00f5es pessoais necess\u00e1rias ou retirar o consentimento para processar as mesmas para os fins necess\u00e1rios, voc\u00ea pode n\u00e3o conseguir acessar ou usar os servi\u00e7os para os quais suas informa\u00e7\u00f5es foram solicitadas.<\/p><\/div><h2 id=\"accordion-header-cookiesEtc\" class=\"standard_h2__qp5cY __className_c596ff\">COOKIES ETC.:<\/h2><div id=\"accordion-collapse-cookiesEtc\"><p class=\"__className_c596ff\">Para saber mais sobre como utilizamos essas tecnologias e suas escolhas em rela\u00e7\u00e3o a essas tecnologias de rastreamento, consulte nossa\u00a0<a class=\"standard_link__xrsNq __className_c596ff\" href=\"https:\/\/mentormaquinas.com\/es\/politica-de-privacidade\/\">Pol\u00edtica de Cookies<\/a>.<\/p><\/div><h2 id=\"accordion-header-security\" class=\"standard_h2__qp5cY __className_c596ff\">SEGURAN\u00c7A:<\/h2><div id=\"accordion-collapse-security\"><p class=\"__className_c596ff\">A seguran\u00e7a de suas informa\u00e7\u00f5es \u00e9 importante para n\u00f3s, e usaremos medidas de seguran\u00e7a razo\u00e1veis para evitar a perda, uso indevido ou altera\u00e7\u00e3o n\u00e3o autorizada de suas informa\u00e7\u00f5es sob nosso controle. No entanto, dados os riscos inerentes, n\u00e3o podemos garantir seguran\u00e7a absoluta e, consequentemente, n\u00e3o podemos garantir ou garantir a seguran\u00e7a de qualquer informa\u00e7\u00e3o que voc\u00ea nos transmita, e voc\u00ea o faz por sua pr\u00f3pria conta e risco.<\/p><\/div><h2 id=\"accordion-header-dpo\" class=\"standard_h2__qp5cY __className_c596ff\">RECLAMA\u00c7\u00c3O \/ ENCARREGADO DE DADOS:<\/h2><div id=\"accordion-collapse-dpo\"><p class=\"__className_c596ff\">Se voc\u00ea tiver alguma d\u00favida ou preocupa\u00e7\u00e3o sobre o processamento de suas informa\u00e7\u00f5es que est\u00e3o dispon\u00edveis conosco, voc\u00ea pode enviar um e-mail para o nosso Encarregado de Dados em Mentor Maquinas, R. Dr. Humberto Pinheiro Vieira, 150 &#8211; Lote 03 &#8211; Zona Industrial Norte, Joinville &#8211; SC, e-mail: padilha@mentormaquinas.com.br. Abordaremos suas preocupa\u00e7\u00f5es de acordo com a lei aplic\u00e1vel.<\/p><\/div>\t\t\t\t\t\t\t\t<\/div>\n\t\t\t\t<\/div>\n\t\t\t\t<\/div>\n\t\t\t\t\t<\/div>\n\t\t\t\t<\/div>\n\t\t\t\t<\/div>","protected":false},"excerpt":{"rendered":"<p>Pol\u00edtica Privacidade Esta Pol\u00edtica de Privacidade descreve as pol\u00edticas da Mentor Maquinas, R. Dr. Humberto Pinheiro Vieira, 150 &#8211; Lote 03 &#8211; Zona Industrial Norte, Joinville, Santa Catarina 89219-570, Brasil, email: padilha@mentormaquinas.com.br, telefone: 554734400324 sobre a coleta, uso e divulga\u00e7\u00e3o de suas informa\u00e7\u00f5es que coletamos quando voc\u00ea usa nosso site ( https:\/\/mentormaquinas.com\/ ). (o &#8220;Servi\u00e7o&#8221;). [&hellip;]<\/p>","protected":false},"author":2,"featured_media":0,"parent":0,"menu_order":0,"comment_status":"closed","ping_status":"closed","template":"elementor_header_footer","meta":{"inline_featured_image":false,"footnotes":""},"class_list":["post-3","page","type-page","status-publish","hentry"],"yoast_head":"<!-- This site is optimized with the Yoast SEO plugin v27.2 - https:\/\/yoast.com\/product\/yoast-seo-wordpress\/ -->\n<title>Pol\u00edtica de Privacidade - Mentor Maquinas<\/title>\n<meta name=\"robots\" content=\"index, follow, max-snippet:-1, max-image-preview:large, max-video-preview:-1\" \/>\n<link rel=\"canonical\" href=\"https:\/\/mentormaquinas.com\/es\/politica-de-privacidade\/\" \/>\n<meta property=\"og:locale\" content=\"es_ES\" \/>\n<meta property=\"og:type\" content=\"article\" \/>\n<meta property=\"og:title\" content=\"Pol\u00edtica de Privacidade - Mentor Maquinas\" \/>\n<meta property=\"og:description\" content=\"Pol\u00edtica Privacidade Esta Pol\u00edtica de Privacidade descreve as pol\u00edticas da Mentor Maquinas, R. Dr. Humberto Pinheiro Vieira, 150 &#8211; Lote 03 &#8211; Zona Industrial Norte, Joinville, Santa Catarina 89219-570, Brasil, email: padilha@mentormaquinas.com.br, telefone: 554734400324 sobre a coleta, uso e divulga\u00e7\u00e3o de suas informa\u00e7\u00f5es que coletamos quando voc\u00ea usa nosso site ( https:\/\/mentormaquinas.com\/ ). (o &#8220;Servi\u00e7o&#8221;). [&hellip;]\" \/>\n<meta property=\"og:url\" content=\"https:\/\/mentormaquinas.com\/es\/politica-de-privacidade\/\" \/>\n<meta property=\"og:site_name\" content=\"Mentor Maquinas\" \/>\n<meta property=\"article:modified_time\" content=\"2025-10-05T20:31:47+00:00\" \/>\n<meta name=\"twitter:card\" content=\"summary_large_image\" \/>\n<meta name=\"twitter:label1\" content=\"Tiempo de lectura\" \/>\n\t<meta name=\"twitter:data1\" content=\"4 minutos\" \/>\n<script type=\"application\/ld+json\" class=\"yoast-schema-graph\">{\"@context\":\"https:\/\/schema.org\",\"@graph\":[{\"@type\":\"WebPage\",\"@id\":\"https:\/\/mentormaquinas.com\/politica-de-privacidade\/\",\"url\":\"https:\/\/mentormaquinas.com\/politica-de-privacidade\/\",\"name\":\"Pol\u00edtica de Privacidade - Mentor Maquinas\",\"isPartOf\":{\"@id\":\"https:\/\/mentormaquinas.com\/#website\"},\"datePublished\":\"2023-07-31T13:11:46+00:00\",\"dateModified\":\"2025-10-05T20:31:47+00:00\",\"breadcrumb\":{\"@id\":\"https:\/\/mentormaquinas.com\/politica-de-privacidade\/#breadcrumb\"},\"inLanguage\":\"es\",\"potentialAction\":[{\"@type\":\"ReadAction\",\"target\":[\"https:\/\/mentormaquinas.com\/politica-de-privacidade\/\"]}]},{\"@type\":\"BreadcrumbList\",\"@id\":\"https:\/\/mentormaquinas.com\/politica-de-privacidade\/#breadcrumb\",\"itemListElement\":[{\"@type\":\"ListItem\",\"position\":1,\"name\":\"Home\",\"item\":\"https:\/\/mentormaquinas.com\/\"},{\"@type\":\"ListItem\",\"position\":2,\"name\":\"Pol\u00edtica de Privacidade\"}]},{\"@type\":\"WebSite\",\"@id\":\"https:\/\/mentormaquinas.com\/#website\",\"url\":\"https:\/\/mentormaquinas.com\/\",\"name\":\"Mentor Maquinas\",\"description\":\"A Mentor &eacute; sin&ocirc;nimo de rebarba&ccedil;&atilde;o com alta produtividade.\",\"publisher\":{\"@id\":\"https:\/\/mentormaquinas.com\/#organization\"},\"potentialAction\":[{\"@type\":\"SearchAction\",\"target\":{\"@type\":\"EntryPoint\",\"urlTemplate\":\"https:\/\/mentormaquinas.com\/?s={search_term_string}\"},\"query-input\":{\"@type\":\"PropertyValueSpecification\",\"valueRequired\":true,\"valueName\":\"search_term_string\"}}],\"inLanguage\":\"es\"},{\"@type\":\"Organization\",\"@id\":\"https:\/\/mentormaquinas.com\/#organization\",\"name\":\"Mentor Maquinas\",\"url\":\"https:\/\/mentormaquinas.com\/\",\"logo\":{\"@type\":\"ImageObject\",\"inLanguage\":\"es\",\"@id\":\"https:\/\/mentormaquinas.com\/#\/schema\/logo\/image\/\",\"url\":\"https:\/\/mentormaquinas.com\/wp-content\/uploads\/2023\/07\/mentor_maquinas_logo.svg\",\"contentUrl\":\"https:\/\/mentormaquinas.com\/wp-content\/uploads\/2023\/07\/mentor_maquinas_logo.svg\",\"width\":350,\"height\":60,\"caption\":\"Mentor Maquinas\"},\"image\":{\"@id\":\"https:\/\/mentormaquinas.com\/#\/schema\/logo\/image\/\"}}]}<\/script>\n<!-- \/ Yoast SEO plugin. -->","yoast_head_json":{"title":"Pol\u00edtica de Privacidade - Mentor Maquinas","robots":{"index":"index","follow":"follow","max-snippet":"max-snippet:-1","max-image-preview":"max-image-preview:large","max-video-preview":"max-video-preview:-1"},"canonical":"https:\/\/mentormaquinas.com\/es\/politica-de-privacidade\/","og_locale":"es_ES","og_type":"article","og_title":"Pol\u00edtica de Privacidade - Mentor Maquinas","og_description":"Pol\u00edtica Privacidade Esta Pol\u00edtica de Privacidade descreve as pol\u00edticas da Mentor Maquinas, R. Dr. Humberto Pinheiro Vieira, 150 &#8211; Lote 03 &#8211; Zona Industrial Norte, Joinville, Santa Catarina 89219-570, Brasil, email: padilha@mentormaquinas.com.br, telefone: 554734400324 sobre a coleta, uso e divulga\u00e7\u00e3o de suas informa\u00e7\u00f5es que coletamos quando voc\u00ea usa nosso site ( https:\/\/mentormaquinas.com\/ ). (o &#8220;Servi\u00e7o&#8221;). [&hellip;]","og_url":"https:\/\/mentormaquinas.com\/es\/politica-de-privacidade\/","og_site_name":"Mentor Maquinas","article_modified_time":"2025-10-05T20:31:47+00:00","twitter_card":"summary_large_image","twitter_misc":{"Tiempo de lectura":"4 minutos"},"schema":{"@context":"https:\/\/schema.org","@graph":[{"@type":"WebPage","@id":"https:\/\/mentormaquinas.com\/politica-de-privacidade\/","url":"https:\/\/mentormaquinas.com\/politica-de-privacidade\/","name":"Pol\u00edtica de Privacidade - Mentor Maquinas","isPartOf":{"@id":"https:\/\/mentormaquinas.com\/#website"},"datePublished":"2023-07-31T13:11:46+00:00","dateModified":"2025-10-05T20:31:47+00:00","breadcrumb":{"@id":"https:\/\/mentormaquinas.com\/politica-de-privacidade\/#breadcrumb"},"inLanguage":"es","potentialAction":[{"@type":"ReadAction","target":["https:\/\/mentormaquinas.com\/politica-de-privacidade\/"]}]},{"@type":"BreadcrumbList","@id":"https:\/\/mentormaquinas.com\/politica-de-privacidade\/#breadcrumb","itemListElement":[{"@type":"ListItem","position":1,"name":"Home","item":"https:\/\/mentormaquinas.com\/"},{"@type":"ListItem","position":2,"name":"Pol\u00edtica de Privacidade"}]},{"@type":"WebSite","@id":"https:\/\/mentormaquinas.com\/#website","url":"https:\/\/mentormaquinas.com\/","name":"Mentor Maquinas","description":"A Mentor &eacute; sin&ocirc;nimo de rebarba&ccedil;&atilde;o com alta produtividade.","publisher":{"@id":"https:\/\/mentormaquinas.com\/#organization"},"potentialAction":[{"@type":"SearchAction","target":{"@type":"EntryPoint","urlTemplate":"https:\/\/mentormaquinas.com\/?s={search_term_string}"},"query-input":{"@type":"PropertyValueSpecification","valueRequired":true,"valueName":"search_term_string"}}],"inLanguage":"es"},{"@type":"Organization","@id":"https:\/\/mentormaquinas.com\/#organization","name":"Mentor Maquinas","url":"https:\/\/mentormaquinas.com\/","logo":{"@type":"ImageObject","inLanguage":"es","@id":"https:\/\/mentormaquinas.com\/#\/schema\/logo\/image\/","url":"https:\/\/mentormaquinas.com\/wp-content\/uploads\/2023\/07\/mentor_maquinas_logo.svg","contentUrl":"https:\/\/mentormaquinas.com\/wp-content\/uploads\/2023\/07\/mentor_maquinas_logo.svg","width":350,"height":60,"caption":"Mentor Maquinas"},"image":{"@id":"https:\/\/mentormaquinas.com\/#\/schema\/logo\/image\/"}}]}},"_links":{"self":[{"href":"https:\/\/mentormaquinas.com\/es\/wp-json\/wp\/v2\/pages\/3","targetHints":{"allow":["GET"]}}],"collection":[{"href":"https:\/\/mentormaquinas.com\/es\/wp-json\/wp\/v2\/pages"}],"about":[{"href":"https:\/\/mentormaquinas.com\/es\/wp-json\/wp\/v2\/types\/page"}],"author":[{"embeddable":true,"href":"https:\/\/mentormaquinas.com\/es\/wp-json\/wp\/v2\/users\/2"}],"replies":[{"embeddable":true,"href":"https:\/\/mentormaquinas.com\/es\/wp-json\/wp\/v2\/comments?post=3"}],"version-history":[{"count":21,"href":"https:\/\/mentormaquinas.com\/es\/wp-json\/wp\/v2\/pages\/3\/revisions"}],"predecessor-version":[{"id":2417,"href":"https:\/\/mentormaquinas.com\/es\/wp-json\/wp\/v2\/pages\/3\/revisions\/2417"}],"wp:attachment":[{"href":"https:\/\/mentormaquinas.com\/es\/wp-json\/wp\/v2\/media?parent=3"}],"curies":[{"name":"wp","href":"https:\/\/api.w.org\/{rel}","templated":true}]}}