{"id":1996,"date":"2025-10-01T03:39:02","date_gmt":"2025-10-01T03:39:02","guid":{"rendered":"https:\/\/mentormaquinas.com\/?page_id=1996"},"modified":"2025-10-10T03:18:40","modified_gmt":"2025-10-10T03:18:40","slug":"maquinas-automaticas","status":"publish","type":"page","link":"https:\/\/mentormaquinas.com\/en\/maquinas-automaticas\/","title":{"rendered":"Automatic Machines"},"content":{"rendered":"<div data-elementor-type=\"wp-page\" data-elementor-id=\"1996\" class=\"elementor elementor-1996\">\n\t\t\t\t<div class=\"elementor-element elementor-element-4a8e1ab e-flex e-con-boxed e-con e-parent\" data-id=\"4a8e1ab\" data-element_type=\"container\" data-settings=\"{&quot;background_background&quot;:&quot;classic&quot;}\">\n\t\t\t\t\t<div class=\"e-con-inner\">\n\t\t<div class=\"elementor-element elementor-element-5c3e26a e-con-full scroll-bottom e-flex e-con e-child\" data-id=\"5c3e26a\" data-element_type=\"container\">\n\t\t\t\t<div class=\"elementor-element elementor-element-c68fc46 elementor-widget__width-initial elementor-widget-tablet__width-inherit elementor-widget elementor-widget-image-box\" data-id=\"c68fc46\" data-element_type=\"widget\" data-widget_type=\"image-box.default\">\n\t\t\t\t<div class=\"elementor-widget-container\">\n\t\t\t\t\t<div class=\"elementor-image-box-wrapper\"><div class=\"elementor-image-box-content\"><h2 class=\"elementor-image-box-title\">AUTOMATIC Machines<\/h2><\/div><\/div>\t\t\t\t<\/div>\n\t\t\t\t<\/div>\n\t\t\t\t<div class=\"elementor-element elementor-element-6c13393 elementor-align-left elementor-widget elementor-widget-button\" data-id=\"6c13393\" data-element_type=\"widget\" data-widget_type=\"button.default\">\n\t\t\t\t<div class=\"elementor-widget-container\">\n\t\t\t\t\t\t\t\t\t<div class=\"elementor-button-wrapper\">\n\t\t\t\t\t<a class=\"elementor-button elementor-button-link elementor-size-sm\" href=\"#formulariomaquinas\">\n\t\t\t\t\t\t<span class=\"elementor-button-content-wrapper\">\n\t\t\t\t\t\t\t\t\t<span class=\"elementor-button-text\">Request Catalog<\/span>\n\t\t\t\t\t<\/span>\n\t\t\t\t\t<\/a>\n\t\t\t\t<\/div>\n\t\t\t\t\t\t\t\t<\/div>\n\t\t\t\t<\/div>\n\t\t\t\t<\/div>\n\t\t\t\t\t<\/div>\n\t\t\t\t<\/div>\n\t\t<div class=\"elementor-element elementor-element-abf41ac e-flex e-con-boxed e-con e-parent\" data-id=\"abf41ac\" data-element_type=\"container\" data-settings=\"{&quot;background_background&quot;:&quot;classic&quot;}\">\n\t\t\t\t\t<div class=\"e-con-inner\">\n\t\t<div class=\"elementor-element elementor-element-9982222 e-grid e-con-full e-con e-child\" data-id=\"9982222\" data-element_type=\"container\">\n\t\t<a class=\"elementor-element elementor-element-a6029e9 e-con-full e-flex e-con e-child\" data-id=\"a6029e9\" data-element_type=\"container\" data-settings=\"{&quot;background_background&quot;:&quot;classic&quot;}\" href=\"https:\/\/mentormaquinas.com\/en\/maquinas-automaticas\/falcon-740\/\">\n\t\t\t\t<div class=\"elementor-element elementor-element-a7c4f93 elementor-widget elementor-widget-image\" data-id=\"a7c4f93\" data-element_type=\"widget\" data-widget_type=\"image.default\">\n\t\t\t\t<div class=\"elementor-widget-container\">\n\t\t\t\t\t\t\t\t\t\t\t\t\t\t\t<img fetchpriority=\"high\" decoding=\"async\" width=\"1280\" height=\"853\" src=\"https:\/\/i0.wp.com\/mentormaquinas.com\/wp-content\/uploads\/2025\/10\/Mentor_Falcon-740_3.jpg?fit=1280%2C853&amp;ssl=1\" class=\"elementor-animation-float attachment-full size-full wp-image-2055\" alt=\"\" srcset=\"https:\/\/i0.wp.com\/mentormaquinas.com\/wp-content\/uploads\/2025\/10\/Mentor_Falcon-740_3.jpg?w=1280&amp;ssl=1 1280w, https:\/\/i0.wp.com\/mentormaquinas.com\/wp-content\/uploads\/2025\/10\/Mentor_Falcon-740_3.jpg?resize=300%2C200&amp;ssl=1 300w, https:\/\/i0.wp.com\/mentormaquinas.com\/wp-content\/uploads\/2025\/10\/Mentor_Falcon-740_3.jpg?resize=1024%2C682&amp;ssl=1 1024w, https:\/\/i0.wp.com\/mentormaquinas.com\/wp-content\/uploads\/2025\/10\/Mentor_Falcon-740_3.jpg?resize=768%2C512&amp;ssl=1 768w\" sizes=\"(max-width: 800px) 100vw, 800px\" \/>\t\t\t\t\t\t\t\t\t\t\t\t\t\t\t<\/div>\n\t\t\t\t<\/div>\n\t\t\t\t<div class=\"elementor-element elementor-element-a705ff4 elementor-widget__width-initial elementor-widget-tablet__width-inherit elementor-widget elementor-widget-image-box\" data-id=\"a705ff4\" data-element_type=\"widget\" data-widget_type=\"image-box.default\">\n\t\t\t\t<div class=\"elementor-widget-container\">\n\t\t\t\t\t<div class=\"elementor-image-box-wrapper\"><div class=\"elementor-image-box-content\"><h2 class=\"elementor-image-box-title\">Falcon 740<\/h2><p class=\"elementor-image-box-description\">CNC Deburring Machine<\/p><\/div><\/div>\t\t\t\t<\/div>\n\t\t\t\t<\/div>\n\t\t\t\t<\/a>\n\t\t<a class=\"elementor-element elementor-element-f154918 e-con-full e-flex e-con e-child\" data-id=\"f154918\" data-element_type=\"container\" data-settings=\"{&quot;background_background&quot;:&quot;classic&quot;}\" href=\"https:\/\/mentormaquinas.com\/en\/maquinas-automaticas\/constellation-840\/\">\n\t\t\t\t<div class=\"elementor-element elementor-element-8dc6e42 elementor-widget elementor-widget-image\" data-id=\"8dc6e42\" data-element_type=\"widget\" data-widget_type=\"image.default\">\n\t\t\t\t<div class=\"elementor-widget-container\">\n\t\t\t\t\t\t\t\t\t\t\t\t\t\t\t<img decoding=\"async\" width=\"1280\" height=\"853\" data-src=\"https:\/\/i0.wp.com\/mentormaquinas.com\/wp-content\/uploads\/2025\/10\/DSC05008-1.jpg?fit=1280%2C853&amp;ssl=1\" class=\"elementor-animation-float attachment-full size-full wp-image-2054 lazyload\" alt=\"\" data-srcset=\"https:\/\/i0.wp.com\/mentormaquinas.com\/wp-content\/uploads\/2025\/10\/DSC05008-1.jpg?w=1280&amp;ssl=1 1280w, https:\/\/i0.wp.com\/mentormaquinas.com\/wp-content\/uploads\/2025\/10\/DSC05008-1.jpg?resize=300%2C200&amp;ssl=1 300w, https:\/\/i0.wp.com\/mentormaquinas.com\/wp-content\/uploads\/2025\/10\/DSC05008-1.jpg?resize=1024%2C682&amp;ssl=1 1024w, https:\/\/i0.wp.com\/mentormaquinas.com\/wp-content\/uploads\/2025\/10\/DSC05008-1.jpg?resize=768%2C512&amp;ssl=1 768w\" data-sizes=\"(max-width: 800px) 100vw, 800px\" src=\"data:image\/svg+xml;base64,PHN2ZyB3aWR0aD0iMSIgaGVpZ2h0PSIxIiB4bWxucz0iaHR0cDovL3d3dy53My5vcmcvMjAwMC9zdmciPjwvc3ZnPg==\" style=\"--smush-placeholder-width: 1280px; --smush-placeholder-aspect-ratio: 1280\/853;\" \/>\t\t\t\t\t\t\t\t\t\t\t\t\t\t\t<\/div>\n\t\t\t\t<\/div>\n\t\t\t\t<div class=\"elementor-element elementor-element-f700891 elementor-widget__width-initial elementor-widget-tablet__width-inherit elementor-widget elementor-widget-image-box\" data-id=\"f700891\" data-element_type=\"widget\" data-widget_type=\"image-box.default\">\n\t\t\t\t<div class=\"elementor-widget-container\">\n\t\t\t\t\t<div class=\"elementor-image-box-wrapper\"><div class=\"elementor-image-box-content\"><h2 class=\"elementor-image-box-title\">Constellation 840<\/h2><p class=\"elementor-image-box-description\">CNC Deburring Machine<\/p><\/div><\/div>\t\t\t\t<\/div>\n\t\t\t\t<\/div>\n\t\t\t\t<\/a>\n\t\t<a class=\"elementor-element elementor-element-a23837a e-con-full e-flex e-con e-child\" data-id=\"a23837a\" data-element_type=\"container\" data-settings=\"{&quot;background_background&quot;:&quot;classic&quot;}\" href=\"https:\/\/mentormaquinas.com\/en\/maquinas-automaticas\/celula-robotizada-930\/\">\n\t\t\t\t<div class=\"elementor-element elementor-element-2b18371 elementor-widget elementor-widget-image\" data-id=\"2b18371\" data-element_type=\"widget\" data-widget_type=\"image.default\">\n\t\t\t\t<div class=\"elementor-widget-container\">\n\t\t\t\t\t\t\t\t\t\t\t\t\t\t\t<img decoding=\"async\" width=\"1280\" height=\"853\" data-src=\"https:\/\/i0.wp.com\/mentormaquinas.com\/wp-content\/uploads\/2025\/10\/930_tratada-1.jpg?fit=1280%2C853&amp;ssl=1\" class=\"elementor-animation-float attachment-full size-full wp-image-2186 lazyload\" alt=\"\" data-srcset=\"https:\/\/i0.wp.com\/mentormaquinas.com\/wp-content\/uploads\/2025\/10\/930_tratada-1.jpg?w=1280&amp;ssl=1 1280w, https:\/\/i0.wp.com\/mentormaquinas.com\/wp-content\/uploads\/2025\/10\/930_tratada-1.jpg?resize=300%2C200&amp;ssl=1 300w, https:\/\/i0.wp.com\/mentormaquinas.com\/wp-content\/uploads\/2025\/10\/930_tratada-1.jpg?resize=1024%2C682&amp;ssl=1 1024w, https:\/\/i0.wp.com\/mentormaquinas.com\/wp-content\/uploads\/2025\/10\/930_tratada-1.jpg?resize=768%2C512&amp;ssl=1 768w\" data-sizes=\"(max-width: 800px) 100vw, 800px\" src=\"data:image\/svg+xml;base64,PHN2ZyB3aWR0aD0iMSIgaGVpZ2h0PSIxIiB4bWxucz0iaHR0cDovL3d3dy53My5vcmcvMjAwMC9zdmciPjwvc3ZnPg==\" style=\"--smush-placeholder-width: 1280px; --smush-placeholder-aspect-ratio: 1280\/853;\" \/>\t\t\t\t\t\t\t\t\t\t\t\t\t\t\t<\/div>\n\t\t\t\t<\/div>\n\t\t\t\t<div class=\"elementor-element elementor-element-2306df5 elementor-widget__width-initial elementor-widget-tablet__width-inherit elementor-widget elementor-widget-image-box\" data-id=\"2306df5\" data-element_type=\"widget\" data-widget_type=\"image-box.default\">\n\t\t\t\t<div class=\"elementor-widget-container\">\n\t\t\t\t\t<div class=\"elementor-image-box-wrapper\"><div class=\"elementor-image-box-content\"><h2 class=\"elementor-image-box-title\">Robotic Cell 930<\/h2><p class=\"elementor-image-box-description\"> ntegrated with Kuka Robot<\/p><\/div><\/div>\t\t\t\t<\/div>\n\t\t\t\t<\/div>\n\t\t\t\t<\/a>\n\t\t\t\t<\/div>\n\t\t\t\t\t<\/div>\n\t\t\t\t<\/div>\n\t\t<div class=\"elementor-element elementor-element-2461613 foto e-flex e-con-boxed e-con e-parent\" data-id=\"2461613\" data-element_type=\"container\" data-settings=\"{&quot;background_background&quot;:&quot;classic&quot;}\">\n\t\t\t\t\t<div class=\"e-con-inner\">\n\t\t\t\t<div class=\"elementor-element elementor-element-b716b5c elementor-widget elementor-widget-menu-anchor\" data-id=\"b716b5c\" data-element_type=\"widget\" data-widget_type=\"menu-anchor.default\">\n\t\t\t\t<div class=\"elementor-widget-container\">\n\t\t\t\t\t\t\t<div class=\"elementor-menu-anchor\" id=\"formulariomaquinas\"><\/div>\n\t\t\t\t\t\t<\/div>\n\t\t\t\t<\/div>\n\t\t<div class=\"elementor-element elementor-element-c5d5e2e e-con-full scroll-bottom e-flex e-con e-child\" data-id=\"c5d5e2e\" data-element_type=\"container\" data-settings=\"{&quot;background_background&quot;:&quot;classic&quot;}\">\n\t\t\t\t<div class=\"elementor-element elementor-element-b6b462a elementor-widget__width-inherit elementor-widget-tablet__width-initial elementor-widget-mobile__width-inherit elementor-widget elementor-widget-heading\" data-id=\"b6b462a\" data-element_type=\"widget\" data-widget_type=\"heading.default\">\n\t\t\t\t<div class=\"elementor-widget-container\">\n\t\t\t\t\t<h1 class=\"elementor-heading-title elementor-size-default\">We deliver solutions throughout Brazil<\/h1>\t\t\t\t<\/div>\n\t\t\t\t<\/div>\n\t\t\t\t<div class=\"elementor-element elementor-element-be54cd9 elementor-button-align-center elementor-widget__width-initial elementor-widget elementor-widget-form\" data-id=\"be54cd9\" data-element_type=\"widget\" data-settings=\"{&quot;step_next_label&quot;:&quot;Next&quot;,&quot;step_previous_label&quot;:&quot;Previous&quot;,&quot;button_width&quot;:&quot;100&quot;,&quot;step_type&quot;:&quot;number_text&quot;,&quot;step_icon_shape&quot;:&quot;circle&quot;}\" data-widget_type=\"form.default\">\n\t\t\t\t<div class=\"elementor-widget-container\">\n\t\t\t\t\t\t\t<form class=\"elementor-form\" method=\"post\" name=\"Formul\u00e1rio M\u00e1quinas\" action=\"\">\n\t\t\t<input type=\"hidden\" name=\"post_id\" value=\"1996\"\/>\n\t\t\t<input type=\"hidden\" name=\"form_id\" value=\"be54cd9\"\/>\n\t\t\t<input type=\"hidden\" name=\"referer_title\" value=\"Mentor Maquinas\" \/>\n\n\t\t\t\n\t\t\t<div class=\"elementor-form-fields-wrapper elementor-labels-above\">\n\t\t\t\t\t\t\t\t<div class=\"elementor-field-type-text elementor-field-group elementor-column elementor-field-group-name elementor-col-50 elementor-field-required\">\n\t\t\t\t\t\t\t\t\t\t\t\t\t<input size=\"1\" type=\"text\" name=\"form_fields[name]\" id=\"form-field-name\" class=\"elementor-field elementor-size-sm  elementor-field-textual\" placeholder=\"Full Name\" required=\"required\" aria-required=\"true\">\n\t\t\t\t\t\t\t\t\t\t\t<\/div>\n\t\t\t\t\t\t\t\t<div class=\"elementor-field-type-email elementor-field-group elementor-column elementor-field-group-email elementor-col-50 elementor-field-required\">\n\t\t\t\t\t\t\t\t\t\t\t\t\t<input size=\"1\" type=\"email\" name=\"form_fields[email]\" id=\"form-field-email\" class=\"elementor-field elementor-size-sm  elementor-field-textual\" placeholder=\"Email\" required=\"required\" aria-required=\"true\">\n\t\t\t\t\t\t\t\t\t\t\t<\/div>\n\t\t\t\t\t\t\t\t<div class=\"elementor-field-type-text elementor-field-group elementor-column elementor-field-group-field_6df7022 elementor-col-50 elementor-field-required\">\n\t\t\t\t\t\t\t\t\t\t\t\t\t<input size=\"1\" type=\"text\" name=\"form_fields[field_6df7022]\" id=\"form-field-field_6df7022\" class=\"elementor-field elementor-size-sm  elementor-field-textual\" placeholder=\"Company\" required=\"required\" aria-required=\"true\">\n\t\t\t\t\t\t\t\t\t\t\t<\/div>\n\t\t\t\t\t\t\t\t<div class=\"elementor-field-type-tel elementor-field-group elementor-column elementor-field-group-field_7b0ada2 elementor-col-50 elementor-field-required\">\n\t\t\t\t\t\t\t<input size=\"1\" type=\"tel\" name=\"form_fields[field_7b0ada2]\" id=\"form-field-field_7b0ada2\" class=\"elementor-field elementor-size-sm  elementor-field-textual\" placeholder=\"Phone\" required=\"required\" aria-required=\"true\" pattern=\"[0-9()#&amp;+*-=.]+\" title=\"Only numbers and phone characters (#, -, *, etc) are accepted.\">\n\n\t\t\t\t\t\t<\/div>\n\t\t\t\t\t\t\t\t<div class=\"elementor-field-type-text elementor-field-group elementor-column elementor-field-group-field_98e3851 elementor-col-50 elementor-field-required\">\n\t\t\t\t\t\t\t\t\t\t\t\t\t<input size=\"1\" type=\"text\" name=\"form_fields[field_98e3851]\" id=\"form-field-field_98e3851\" class=\"elementor-field elementor-size-sm  elementor-field-textual\" placeholder=\"City\" required=\"required\" aria-required=\"true\">\n\t\t\t\t\t\t\t\t\t\t\t<\/div>\n\t\t\t\t\t\t\t\t<div class=\"elementor-field-type-select elementor-field-group elementor-column elementor-field-group-field_5154d5d elementor-col-50 elementor-field-required\">\n\t\t\t\t\t\t\t<div class=\"elementor-field elementor-select-wrapper remove-before\">\n\t\t\t<div class=\"select-caret-down-wrapper\">\n\t\t\t\t<svg aria-hidden=\"true\" class=\"e-font-icon-svg e-eicon-caret-down\" viewbox=\"0 0 571.4 571.4\" xmlns=\"http:\/\/www.w3.org\/2000\/svg\"><path d=\"M571 393Q571 407 561 418L311 668Q300 679 286 679T261 668L11 418Q0 407 0 393T11 368 36 357H536Q550 357 561 368T571 393Z\"><\/path><\/svg>\t\t\t<\/div>\n\t\t\t<select name=\"form_fields[field_5154d5d]\" id=\"form-field-field_5154d5d\" class=\"elementor-field-textual elementor-size-sm\" required=\"required\" aria-required=\"true\">\n\t\t\t\t\t\t\t\t\t<option value=\"Produtos de interesse\">Products of Interest<\/option>\n\t\t\t\t\t\t\t\t\t<option value=\"M\u00e1quinas manuais\">Manual Machines<\/option>\n\t\t\t\t\t\t\t\t\t<option value=\"M\u00e1quinas autom\u00e1ticas\">Automatic Machines<\/option>\n\t\t\t\t\t\t\t<\/select>\n\t\t<\/div>\n\t\t\t\t\t\t<\/div>\n\t\t\t\t\t\t\t\t<div class=\"elementor-field-group elementor-column elementor-field-type-submit elementor-col-100 e-form__buttons\">\n\t\t\t\t\t<button type=\"submit\" class=\"elementor-button elementor-size-sm\">\n\t\t\t\t\t\t<span >\n\t\t\t\t\t\t\t\t\t\t\t\t\t\t\t<span class=\"elementor-button-icon\">\n\t\t\t\t\t\t\t\t\t\t\t\t\t\t\t\t\t\t\t\t\t\t\t\t\t\t<\/span>\n\t\t\t\t\t\t\t\t\t\t\t\t\t\t\t\t\t\t\t\t\t\t<span class=\"elementor-button-text\">Contact Us<\/span>\n\t\t\t\t\t\t\t\t\t\t\t\t\t<\/span>\n\t\t\t\t\t<\/button>\n\t\t\t\t<\/div>\n\t\t\t<\/div>\n\t\t<input type=\"hidden\" name=\"trp-form-language\" value=\"en\"\/><\/form>\n\t\t\t\t\t\t<\/div>\n\t\t\t\t<\/div>\n\t\t\t\t<\/div>\n\t\t\t\t\t<\/div>\n\t\t\t\t<\/div>\n\t\t<div class=\"elementor-element elementor-element-bca903a e-con-full elementor-hidden-tablet elementor-hidden-mobile e-flex e-con e-parent\" data-id=\"bca903a\" data-element_type=\"container\">\n\t\t\t\t<div class=\"elementor-element elementor-element-12a855e elementor-widget__width-inherit elementor-widget elementor-widget-html\" data-id=\"12a855e\" data-element_type=\"widget\" data-widget_type=\"html.default\">\n\t\t\t\t<div class=\"elementor-widget-container\">\n\t\t\t\t\t<div class=\"blur blur-2\"><\/div>\n<div class=\"blur blur-3\"><\/div>\n<div class=\"blur blur-4\"><\/div>\n<div class=\"blur blur-5\"><\/div>\n<div class=\"blur blur-6\"><\/div>\n<div class=\"blur blur-7\"><\/div>\n<div class=\"blur blur-8\"><\/div>\n\t\t\t\t<\/div>\n\t\t\t\t<\/div>\n\t\t\t\t<\/div>\n\t\t\t\t<\/div>","protected":false},"excerpt":{"rendered":"<p>M\u00e1quinas AUTOM\u00c1TICAS Quero receber o cat\u00e1logo Falcon 740 Rebarbadora CNC Constellation 840 Rebarbadora CNC C\u00e9lula Robotizada 930 Integrada com Rob\u00f4 Kuka Entregamos solu\u00e7\u00f5es em todo o brasil<\/p>","protected":false},"author":2,"featured_media":0,"parent":0,"menu_order":0,"comment_status":"closed","ping_status":"closed","template":"elementor_header_footer","meta":{"inline_featured_image":false,"footnotes":""},"class_list":["post-1996","page","type-page","status-publish","hentry"],"yoast_head":"<!-- This site is optimized with the Yoast SEO plugin v27.2 - https:\/\/yoast.com\/product\/yoast-seo-wordpress\/ -->\n<title>M\u00e1quinas Autom\u00e1ticas - Mentor Maquinas<\/title>\n<meta name=\"robots\" content=\"index, follow, max-snippet:-1, max-image-preview:large, max-video-preview:-1\" \/>\n<link rel=\"canonical\" href=\"https:\/\/mentormaquinas.com\/en\/maquinas-automaticas\/\" \/>\n<meta property=\"og:locale\" content=\"en_US\" \/>\n<meta property=\"og:type\" content=\"article\" \/>\n<meta property=\"og:title\" content=\"M\u00e1quinas Autom\u00e1ticas - Mentor Maquinas\" \/>\n<meta property=\"og:description\" content=\"M\u00e1quinas AUTOM\u00c1TICAS Quero receber o cat\u00e1logo Falcon 740 Rebarbadora CNC Constellation 840 Rebarbadora CNC C\u00e9lula Robotizada 930 Integrada com Rob\u00f4 Kuka Entregamos solu\u00e7\u00f5es em todo o brasil\" \/>\n<meta property=\"og:url\" content=\"https:\/\/mentormaquinas.com\/en\/maquinas-automaticas\/\" \/>\n<meta property=\"og:site_name\" content=\"Mentor Maquinas\" \/>\n<meta property=\"article:modified_time\" content=\"2025-10-10T03:18:40+00:00\" \/>\n<meta property=\"og:image\" content=\"https:\/\/mentormaquinas.com\/wp-content\/uploads\/2025\/10\/Mentor_Falcon-740_3.jpg\" \/>\n<meta name=\"twitter:card\" content=\"summary_large_image\" \/>\n<meta name=\"twitter:label1\" content=\"Est. reading time\" \/>\n\t<meta name=\"twitter:data1\" content=\"1 minute\" \/>\n<script type=\"application\/ld+json\" class=\"yoast-schema-graph\">{\"@context\":\"https:\/\/schema.org\",\"@graph\":[{\"@type\":\"WebPage\",\"@id\":\"https:\/\/mentormaquinas.com\/maquinas-automaticas\/\",\"url\":\"https:\/\/mentormaquinas.com\/maquinas-automaticas\/\",\"name\":\"M\u00e1quinas Autom\u00e1ticas - Mentor Maquinas\",\"isPartOf\":{\"@id\":\"https:\/\/mentormaquinas.com\/#website\"},\"primaryImageOfPage\":{\"@id\":\"https:\/\/mentormaquinas.com\/maquinas-automaticas\/#primaryimage\"},\"image\":{\"@id\":\"https:\/\/mentormaquinas.com\/maquinas-automaticas\/#primaryimage\"},\"thumbnailUrl\":\"https:\/\/mentormaquinas.com\/wp-content\/uploads\/2025\/10\/Mentor_Falcon-740_3.jpg\",\"datePublished\":\"2025-10-01T03:39:02+00:00\",\"dateModified\":\"2025-10-10T03:18:40+00:00\",\"breadcrumb\":{\"@id\":\"https:\/\/mentormaquinas.com\/maquinas-automaticas\/#breadcrumb\"},\"inLanguage\":\"en-US\",\"potentialAction\":[{\"@type\":\"ReadAction\",\"target\":[\"https:\/\/mentormaquinas.com\/maquinas-automaticas\/\"]}]},{\"@type\":\"ImageObject\",\"inLanguage\":\"en-US\",\"@id\":\"https:\/\/mentormaquinas.com\/maquinas-automaticas\/#primaryimage\",\"url\":\"https:\/\/mentormaquinas.com\/wp-content\/uploads\/2025\/10\/Mentor_Falcon-740_3.jpg\",\"contentUrl\":\"https:\/\/mentormaquinas.com\/wp-content\/uploads\/2025\/10\/Mentor_Falcon-740_3.jpg\"},{\"@type\":\"BreadcrumbList\",\"@id\":\"https:\/\/mentormaquinas.com\/maquinas-automaticas\/#breadcrumb\",\"itemListElement\":[{\"@type\":\"ListItem\",\"position\":1,\"name\":\"Home\",\"item\":\"https:\/\/mentormaquinas.com\/\"},{\"@type\":\"ListItem\",\"position\":2,\"name\":\"M\u00e1quinas Autom\u00e1ticas\"}]},{\"@type\":\"WebSite\",\"@id\":\"https:\/\/mentormaquinas.com\/#website\",\"url\":\"https:\/\/mentormaquinas.com\/\",\"name\":\"Mentor Maquinas\",\"description\":\"A Mentor &eacute; sin&ocirc;nimo de rebarba&ccedil;&atilde;o com alta produtividade.\",\"publisher\":{\"@id\":\"https:\/\/mentormaquinas.com\/#organization\"},\"potentialAction\":[{\"@type\":\"SearchAction\",\"target\":{\"@type\":\"EntryPoint\",\"urlTemplate\":\"https:\/\/mentormaquinas.com\/?s={search_term_string}\"},\"query-input\":{\"@type\":\"PropertyValueSpecification\",\"valueRequired\":true,\"valueName\":\"search_term_string\"}}],\"inLanguage\":\"en-US\"},{\"@type\":\"Organization\",\"@id\":\"https:\/\/mentormaquinas.com\/#organization\",\"name\":\"Mentor Maquinas\",\"url\":\"https:\/\/mentormaquinas.com\/\",\"logo\":{\"@type\":\"ImageObject\",\"inLanguage\":\"en-US\",\"@id\":\"https:\/\/mentormaquinas.com\/#\/schema\/logo\/image\/\",\"url\":\"https:\/\/mentormaquinas.com\/wp-content\/uploads\/2023\/07\/mentor_maquinas_logo.svg\",\"contentUrl\":\"https:\/\/mentormaquinas.com\/wp-content\/uploads\/2023\/07\/mentor_maquinas_logo.svg\",\"width\":350,\"height\":60,\"caption\":\"Mentor Maquinas\"},\"image\":{\"@id\":\"https:\/\/mentormaquinas.com\/#\/schema\/logo\/image\/\"}}]}<\/script>\n<!-- \/ Yoast SEO plugin. -->","yoast_head_json":{"title":"M\u00e1quinas Autom\u00e1ticas - Mentor Maquinas","robots":{"index":"index","follow":"follow","max-snippet":"max-snippet:-1","max-image-preview":"max-image-preview:large","max-video-preview":"max-video-preview:-1"},"canonical":"https:\/\/mentormaquinas.com\/en\/maquinas-automaticas\/","og_locale":"en_US","og_type":"article","og_title":"M\u00e1quinas Autom\u00e1ticas - Mentor Maquinas","og_description":"M\u00e1quinas AUTOM\u00c1TICAS Quero receber o cat\u00e1logo Falcon 740 Rebarbadora CNC Constellation 840 Rebarbadora CNC C\u00e9lula Robotizada 930 Integrada com Rob\u00f4 Kuka Entregamos solu\u00e7\u00f5es em todo o brasil","og_url":"https:\/\/mentormaquinas.com\/en\/maquinas-automaticas\/","og_site_name":"Mentor Maquinas","article_modified_time":"2025-10-10T03:18:40+00:00","og_image":[{"url":"https:\/\/mentormaquinas.com\/wp-content\/uploads\/2025\/10\/Mentor_Falcon-740_3.jpg","type":"","width":"","height":""}],"twitter_card":"summary_large_image","twitter_misc":{"Est. reading time":"1 minute"},"schema":{"@context":"https:\/\/schema.org","@graph":[{"@type":"WebPage","@id":"https:\/\/mentormaquinas.com\/maquinas-automaticas\/","url":"https:\/\/mentormaquinas.com\/maquinas-automaticas\/","name":"M\u00e1quinas Autom\u00e1ticas - Mentor Maquinas","isPartOf":{"@id":"https:\/\/mentormaquinas.com\/#website"},"primaryImageOfPage":{"@id":"https:\/\/mentormaquinas.com\/maquinas-automaticas\/#primaryimage"},"image":{"@id":"https:\/\/mentormaquinas.com\/maquinas-automaticas\/#primaryimage"},"thumbnailUrl":"https:\/\/mentormaquinas.com\/wp-content\/uploads\/2025\/10\/Mentor_Falcon-740_3.jpg","datePublished":"2025-10-01T03:39:02+00:00","dateModified":"2025-10-10T03:18:40+00:00","breadcrumb":{"@id":"https:\/\/mentormaquinas.com\/maquinas-automaticas\/#breadcrumb"},"inLanguage":"en-US","potentialAction":[{"@type":"ReadAction","target":["https:\/\/mentormaquinas.com\/maquinas-automaticas\/"]}]},{"@type":"ImageObject","inLanguage":"en-US","@id":"https:\/\/mentormaquinas.com\/maquinas-automaticas\/#primaryimage","url":"https:\/\/mentormaquinas.com\/wp-content\/uploads\/2025\/10\/Mentor_Falcon-740_3.jpg","contentUrl":"https:\/\/mentormaquinas.com\/wp-content\/uploads\/2025\/10\/Mentor_Falcon-740_3.jpg"},{"@type":"BreadcrumbList","@id":"https:\/\/mentormaquinas.com\/maquinas-automaticas\/#breadcrumb","itemListElement":[{"@type":"ListItem","position":1,"name":"Home","item":"https:\/\/mentormaquinas.com\/"},{"@type":"ListItem","position":2,"name":"M\u00e1quinas Autom\u00e1ticas"}]},{"@type":"WebSite","@id":"https:\/\/mentormaquinas.com\/#website","url":"https:\/\/mentormaquinas.com\/","name":"Mentor Maquinas","description":"A Mentor &eacute; sin&ocirc;nimo de rebarba&ccedil;&atilde;o com alta produtividade.","publisher":{"@id":"https:\/\/mentormaquinas.com\/#organization"},"potentialAction":[{"@type":"SearchAction","target":{"@type":"EntryPoint","urlTemplate":"https:\/\/mentormaquinas.com\/?s={search_term_string}"},"query-input":{"@type":"PropertyValueSpecification","valueRequired":true,"valueName":"search_term_string"}}],"inLanguage":"en-US"},{"@type":"Organization","@id":"https:\/\/mentormaquinas.com\/#organization","name":"Mentor Maquinas","url":"https:\/\/mentormaquinas.com\/","logo":{"@type":"ImageObject","inLanguage":"en-US","@id":"https:\/\/mentormaquinas.com\/#\/schema\/logo\/image\/","url":"https:\/\/mentormaquinas.com\/wp-content\/uploads\/2023\/07\/mentor_maquinas_logo.svg","contentUrl":"https:\/\/mentormaquinas.com\/wp-content\/uploads\/2023\/07\/mentor_maquinas_logo.svg","width":350,"height":60,"caption":"Mentor Maquinas"},"image":{"@id":"https:\/\/mentormaquinas.com\/#\/schema\/logo\/image\/"}}]}},"_links":{"self":[{"href":"https:\/\/mentormaquinas.com\/en\/wp-json\/wp\/v2\/pages\/1996","targetHints":{"allow":["GET"]}}],"collection":[{"href":"https:\/\/mentormaquinas.com\/en\/wp-json\/wp\/v2\/pages"}],"about":[{"href":"https:\/\/mentormaquinas.com\/en\/wp-json\/wp\/v2\/types\/page"}],"author":[{"embeddable":true,"href":"https:\/\/mentormaquinas.com\/en\/wp-json\/wp\/v2\/users\/2"}],"replies":[{"embeddable":true,"href":"https:\/\/mentormaquinas.com\/en\/wp-json\/wp\/v2\/comments?post=1996"}],"version-history":[{"count":41,"href":"https:\/\/mentormaquinas.com\/en\/wp-json\/wp\/v2\/pages\/1996\/revisions"}],"predecessor-version":[{"id":2469,"href":"https:\/\/mentormaquinas.com\/en\/wp-json\/wp\/v2\/pages\/1996\/revisions\/2469"}],"wp:attachment":[{"href":"https:\/\/mentormaquinas.com\/en\/wp-json\/wp\/v2\/media?parent=1996"}],"curies":[{"name":"wp","href":"https:\/\/api.w.org\/{rel}","templated":true}]}}